{"id":9,"date":"2023-09-06T14:07:30","date_gmt":"2023-09-06T14:07:30","guid":{"rendered":"https:\/\/demosites.royal-elementor-addons.com\/solar-energy-v1\/?page_id=9"},"modified":"2024-03-07T10:05:15","modified_gmt":"2024-03-07T10:05:15","slug":"ueber-uns","status":"publish","type":"page","link":"https:\/\/ehz-elektrotechnik.de\/index.php\/ueber-uns\/","title":{"rendered":"\u00dcber Uns"},"content":{"rendered":"\t\t<div data-elementor-type=\"wp-page\" data-elementor-id=\"9\" class=\"elementor elementor-9\" data-elementor-post-type=\"page\">\n\t\t\t\t\t\t<section class=\"elementor-section elementor-top-section elementor-element elementor-element-5170393 elementor-section-boxed elementor-section-height-default elementor-section-height-default wpr-particle-no wpr-jarallax-no wpr-parallax-no wpr-sticky-section-no\" data-id=\"5170393\" data-element_type=\"section\" data-settings=\"{&quot;background_background&quot;:&quot;classic&quot;,&quot;_ha_eqh_enable&quot;:false}\">\n\t\t\t\t\t\t\t<div class=\"elementor-background-overlay\"><\/div>\n\t\t\t\t\t\t\t<div class=\"elementor-container elementor-column-gap-default\">\n\t\t\t\t\t<div class=\"elementor-column elementor-col-100 elementor-top-column elementor-element elementor-element-c53ab0d\" data-id=\"c53ab0d\" data-element_type=\"column\">\n\t\t\t<div class=\"elementor-widget-wrap elementor-element-populated\">\n\t\t\t\t\t\t<div class=\"elementor-element elementor-element-b709dc4 elementor-widget elementor-widget-heading\" data-id=\"b709dc4\" data-element_type=\"widget\" data-widget_type=\"heading.default\">\n\t\t\t\t<div class=\"elementor-widget-container\">\n\t\t\t<style>\/*! elementor - v3.21.0 - 20-05-2024 *\/\n.elementor-heading-title{padding:0;margin:0;line-height:1}.elementor-widget-heading .elementor-heading-title[class*=elementor-size-]>a{color:inherit;font-size:inherit;line-height:inherit}.elementor-widget-heading .elementor-heading-title.elementor-size-small{font-size:15px}.elementor-widget-heading .elementor-heading-title.elementor-size-medium{font-size:19px}.elementor-widget-heading .elementor-heading-title.elementor-size-large{font-size:29px}.elementor-widget-heading .elementor-heading-title.elementor-size-xl{font-size:39px}.elementor-widget-heading .elementor-heading-title.elementor-size-xxl{font-size:59px}<\/style><h2 class=\"elementor-heading-title elementor-size-default\">\u00dcber <\/h2>\t\t<\/div>\n\t\t\t\t<\/div>\n\t\t\t\t<div class=\"elementor-element elementor-element-6971f64 elementor-widget elementor-widget-text-editor\" data-id=\"6971f64\" data-element_type=\"widget\" data-widget_type=\"text-editor.default\">\n\t\t\t\t<div class=\"elementor-widget-container\">\n\t\t\t<style>\/*! elementor - v3.21.0 - 20-05-2024 *\/\n.elementor-widget-text-editor.elementor-drop-cap-view-stacked .elementor-drop-cap{background-color:#69727d;color:#fff}.elementor-widget-text-editor.elementor-drop-cap-view-framed .elementor-drop-cap{color:#69727d;border:3px solid;background-color:transparent}.elementor-widget-text-editor:not(.elementor-drop-cap-view-default) .elementor-drop-cap{margin-top:8px}.elementor-widget-text-editor:not(.elementor-drop-cap-view-default) .elementor-drop-cap-letter{width:1em;height:1em}.elementor-widget-text-editor .elementor-drop-cap{float:left;text-align:center;line-height:1;font-size:50px}.elementor-widget-text-editor .elementor-drop-cap-letter{display:inline-block}<\/style>\t\t\t\t<p>Nachhaltige Welt mit erneuerbarer Energie<\/p>\t\t\t\t\t\t<\/div>\n\t\t\t\t<\/div>\n\t\t\t\t\t<\/div>\n\t\t<\/div>\n\t\t\t\t\t<\/div>\n\t\t<\/section>\n\t\t\t\t<section class=\"elementor-section elementor-top-section elementor-element elementor-element-dbd083e elementor-section-boxed elementor-section-height-default elementor-section-height-default wpr-particle-no wpr-jarallax-no wpr-parallax-no wpr-sticky-section-no\" data-id=\"dbd083e\" data-element_type=\"section\" data-settings=\"{&quot;_ha_eqh_enable&quot;:false}\">\n\t\t\t\t\t\t<div class=\"elementor-container elementor-column-gap-wide\">\n\t\t\t\t\t<div class=\"elementor-column elementor-col-50 elementor-top-column elementor-element elementor-element-6d62b65 elementor-invisible\" data-id=\"6d62b65\" data-element_type=\"column\" data-settings=\"{&quot;animation&quot;:&quot;slideInLeft&quot;}\">\n\t\t\t<div class=\"elementor-widget-wrap elementor-element-populated\">\n\t\t\t\t\t\t<div class=\"elementor-element elementor-element-4d61d9f elementor-widget elementor-widget-heading\" data-id=\"4d61d9f\" data-element_type=\"widget\" data-widget_type=\"heading.default\">\n\t\t\t\t<div class=\"elementor-widget-container\">\n\t\t\t<h2 class=\"elementor-heading-title elementor-size-default\">WER WIR SIND<\/h2>\t\t<\/div>\n\t\t\t\t<\/div>\n\t\t\t\t<div class=\"elementor-element elementor-element-38735c3 elementor-widget elementor-widget-heading\" data-id=\"38735c3\" data-element_type=\"widget\" data-widget_type=\"heading.default\">\n\t\t\t\t<div class=\"elementor-widget-container\">\n\t\t\t<h2 class=\"elementor-heading-title elementor-size-default\">Sch\u00fctzen Sie die Reinheit unserer Umwelt, um eine gr\u00fcne Welt zu f\u00f6rdern<\/h2>\t\t<\/div>\n\t\t\t\t<\/div>\n\t\t\t\t<div class=\"elementor-element elementor-element-53ddd04 elementor-widget elementor-widget-text-editor\" data-id=\"53ddd04\" data-element_type=\"widget\" data-widget_type=\"text-editor.default\">\n\t\t\t\t<div class=\"elementor-widget-container\">\n\t\t\t\t\t\t\t<p>Am 1. August 2020 wurde in Deutschland-Frankfurt am Main die Firma \u201eEhz-Elektrotechnik\u201c er\u00f6ffnet. Seit dieser Zeit entwickelt sich unser Betrieb st\u00e4ndig weiter. Generation. Wir \u00fcberzeugen Kunden seit mehr als 3 Jahren im gesamten Rhein-Main-Gebiet und m\u00f6chten auch Sie von uns \u00fcberzeugen.<\/p>\t\t\t\t\t\t<\/div>\n\t\t\t\t<\/div>\n\t\t\t\t<div class=\"elementor-element elementor-element-29b1608 wpr-button-icon-style-inline wpr-button-icon-position-right elementor-widget elementor-widget-wpr-button\" data-id=\"29b1608\" data-element_type=\"widget\" data-widget_type=\"wpr-button.default\">\n\t\t\t\t<div class=\"elementor-widget-container\">\n\t\t\t\t\n\t\t\t\n\t\t\n\t\t<div class=\"wpr-button-wrap elementor-clearfix\">\n\t\t<a class=\"wpr-button wpr-button-effect wpr-button-none\" data-text=\"Go\" href=\"#link\">\n\t\t\t\n\t\t\t<span class=\"wpr-button-content\">\n\t\t\t\t\t\t\t\t\t<span class=\"wpr-button-text\">Entdecke mehr<\/span>\n\t\t\t\t\t\t\t\t\n\t\t\t\t\t\t\t<\/span>\n\t\t<\/a>\n\n\t\t\t\t<\/div>\n\t\n\t\n\t\t\t<\/div>\n\t\t\t\t<\/div>\n\t\t\t\t\t<\/div>\n\t\t<\/div>\n\t\t\t\t<div class=\"elementor-column elementor-col-50 elementor-top-column elementor-element elementor-element-222b6ab elementor-invisible\" data-id=\"222b6ab\" data-element_type=\"column\" data-settings=\"{&quot;animation&quot;:&quot;slideInRight&quot;}\">\n\t\t\t<div class=\"elementor-widget-wrap elementor-element-populated\">\n\t\t\t\t\t\t<div class=\"elementor-element elementor-element-4050e09 elementor-widget elementor-widget-image\" data-id=\"4050e09\" data-element_type=\"widget\" data-widget_type=\"image.default\">\n\t\t\t\t<div class=\"elementor-widget-container\">\n\t\t\t<style>\/*! elementor - v3.21.0 - 20-05-2024 *\/\n.elementor-widget-image{text-align:center}.elementor-widget-image a{display:inline-block}.elementor-widget-image a img[src$=\".svg\"]{width:48px}.elementor-widget-image img{vertical-align:middle;display:inline-block}<\/style>\t\t\t\t\t\t\t\t\t\t<img fetchpriority=\"high\" decoding=\"async\" width=\"900\" height=\"550\" src=\"https:\/\/ehz-elektrotechnik.de\/wp-content\/uploads\/2023\/09\/Post-1.jpg\" class=\"attachment-large size-large wp-image-331\" alt=\"\" srcset=\"https:\/\/ehz-elektrotechnik.de\/wp-content\/uploads\/2023\/09\/Post-1.jpg 900w, https:\/\/ehz-elektrotechnik.de\/wp-content\/uploads\/2023\/09\/Post-1-300x183.jpg 300w, https:\/\/ehz-elektrotechnik.de\/wp-content\/uploads\/2023\/09\/Post-1-768x469.jpg 768w\" sizes=\"(max-width: 900px) 100vw, 900px\" \/>\t\t\t\t\t\t\t\t\t\t\t\t\t<\/div>\n\t\t\t\t<\/div>\n\t\t\t\t\t<\/div>\n\t\t<\/div>\n\t\t\t\t\t<\/div>\n\t\t<\/section>\n\t\t\t\t<section class=\"elementor-section elementor-top-section elementor-element elementor-element-056ce89 elementor-section-boxed elementor-section-height-default elementor-section-height-default wpr-particle-no wpr-jarallax-no wpr-parallax-no wpr-sticky-section-no\" data-id=\"056ce89\" data-element_type=\"section\" data-settings=\"{&quot;_ha_eqh_enable&quot;:false}\">\n\t\t\t\t\t\t\t<div class=\"elementor-background-overlay\"><\/div>\n\t\t\t\t\t\t\t<div class=\"elementor-container elementor-column-gap-default\">\n\t\t\t\t\t<div class=\"elementor-column elementor-col-100 elementor-top-column elementor-element elementor-element-5f179b2 elementor-invisible\" data-id=\"5f179b2\" data-element_type=\"column\" data-settings=\"{&quot;animation&quot;:&quot;fadeIn&quot;}\">\n\t\t\t<div class=\"elementor-widget-wrap elementor-element-populated\">\n\t\t\t\t\t\t<section class=\"elementor-section elementor-inner-section elementor-element elementor-element-129b25f elementor-section-boxed elementor-section-height-default elementor-section-height-default wpr-particle-no wpr-jarallax-no wpr-parallax-no wpr-sticky-section-no\" data-id=\"129b25f\" data-element_type=\"section\" data-settings=\"{&quot;_ha_eqh_enable&quot;:false}\">\n\t\t\t\t\t\t<div class=\"elementor-container elementor-column-gap-default\">\n\t\t\t\t\t<div class=\"elementor-column elementor-col-100 elementor-inner-column elementor-element elementor-element-cd9135b\" data-id=\"cd9135b\" data-element_type=\"column\">\n\t\t\t<div class=\"elementor-widget-wrap elementor-element-populated\">\n\t\t\t\t\t\t<div class=\"elementor-element elementor-element-9edc758 elementor-widget elementor-widget-heading\" data-id=\"9edc758\" data-element_type=\"widget\" data-widget_type=\"heading.default\">\n\t\t\t\t<div class=\"elementor-widget-container\">\n\t\t\t<h2 class=\"elementor-heading-title elementor-size-default\">Unser Wert<\/h2>\t\t<\/div>\n\t\t\t\t<\/div>\n\t\t\t\t<div class=\"elementor-element elementor-element-b58c42e elementor-widget elementor-widget-heading\" data-id=\"b58c42e\" data-element_type=\"widget\" data-widget_type=\"heading.default\">\n\t\t\t\t<div class=\"elementor-widget-container\">\n\t\t\t<h2 class=\"elementor-heading-title elementor-size-default\">Wo Technologie und Wirtschaft zusammenlaufen<\/h2>\t\t<\/div>\n\t\t\t\t<\/div>\n\t\t\t\t<div class=\"elementor-element elementor-element-2836740 elementor-widget elementor-widget-text-editor\" data-id=\"2836740\" data-element_type=\"widget\" data-widget_type=\"text-editor.default\">\n\t\t\t\t<div class=\"elementor-widget-container\">\n\t\t\t\t\t\t\t<p>Am 1. August 2020 wurde in Deutschland-Frankfurt am Main die Firma \u201eEhz-Elektrotechnik\u201c er\u00f6ffnet. Seit dieser Zeit entwickelt sich unser Betrieb st\u00e4ndig weiter. Generation. Wir \u00fcberzeugen Kunden seit mehr als 3 Jahren im gesamten Rhein-Main-Gebiet und m\u00f6chten auch Sie von uns \u00fcberzeugen.<\/p>\t\t\t\t\t\t<\/div>\n\t\t\t\t<\/div>\n\t\t\t\t\t<\/div>\n\t\t<\/div>\n\t\t\t\t\t<\/div>\n\t\t<\/section>\n\t\t\t\t<div class=\"elementor-element elementor-element-c3c9c56 wpr-list-style-none elementor-widget elementor-widget-wpr-posts-timeline\" data-id=\"c3c9c56\" data-element_type=\"widget\" data-settings=\"{&quot;swiper_speed&quot;:500}\" data-widget_type=\"wpr-posts-timeline.default\">\n\t\t\t\t<div class=\"elementor-widget-container\">\n\t\t\t<div class=\"wpr-timeline-outer-container\"><div class=\"wpr-wrapper swiper-container wpr-horizontal-bottom\" dir=\"\" data-slidestoshow = \"3\" data-autoplay=\"\" data-loop=\"\" data-swiper-speed=\"500\" data-swiper-delay=\"0\" data-swiper-poh=\"\" data-swiper-space-between=\"5\"><div class=\"swiper-wrapper wpr-horizontal-bottom-timeline\"><div class=\"swiper-slide swiper-slide-line-top no elementor-repeater-item-940c2b5\"><div class=\"wpr-extra-label\" ><span class=\"wpr-label\" >Januar 2020<\/span><span class=\"wpr-sub-label\" >Unternehmen gegr\u00fcndet<\/span><\/div><div class=\"wpr-main-line-icon wpr-icon\"><i aria-hidden=\"true\" class=\"far fa-flag\"><\/i><\/div><div class=\"wpr-story-info \"><div class=\"wpr-timeline-content-wrapper\"><p class=\"wpr-title-wrap\"><span  class=\"wpr-title\">Introduction to Energy<\/span><\/p><div class=\"wpr-description\"><p>Pr\u00e4sentieren Sie Regionen oder L\u00e4nder, die erfolgreich auf einen erheblichen Anteil gr\u00fcner Energie umgestellt haben.<\/p><\/div><\/div><\/div><\/div><div class=\"swiper-slide swiper-slide-line-top no elementor-repeater-item-a6de89e\"><div class=\"wpr-extra-label\" ><span class=\"wpr-label\" >M\u00e4rz 2021<\/span><span class=\"wpr-sub-label\" >Neues B\u00fcro in Deutschland-Frankfurt am Main<\/span><\/div><div class=\"wpr-main-line-icon wpr-icon\"><i aria-hidden=\"true\" class=\"far fa-paper-plane\"><\/i><\/div><div class=\"wpr-story-info \"><div class=\"wpr-timeline-content-wrapper\"><p class=\"wpr-title-wrap\"><span  class=\"wpr-title\">Historische Meilensteine<\/span><\/p><div class=\"wpr-description\"><p>Pr\u00e4sentieren Sie Regionen oder L\u00e4nder, die erfolgreich auf einen erheblichen Anteil gr\u00fcner Energie umgestellt haben.<\/p><\/div><\/div><\/div><\/div><div class=\"swiper-slide swiper-slide-line-top no elementor-repeater-item-47be66e\"><div class=\"wpr-extra-label\" ><span class=\"wpr-label\" >April 2022<\/span><span class=\"wpr-sub-label\" >Erste Produkteinf\u00fchrung<\/span><\/div><div class=\"wpr-main-line-icon wpr-icon\"><i aria-hidden=\"true\" class=\"far fa-lightbulb\"><\/i><\/div><div class=\"wpr-story-info \"><div class=\"wpr-timeline-content-wrapper\"><p class=\"wpr-title-wrap\"><span  class=\"wpr-title\">Renewable Energy<\/span><\/p><div class=\"wpr-description\"><p>Showcase regions or countries that have successfully transitioned to a significant percentage of green energy.<\/p><\/div><\/div><\/div><\/div><div class=\"swiper-slide swiper-slide-line-top no elementor-repeater-item-f4da282\"><div class=\"wpr-extra-label\" ><span class=\"wpr-label\" >September 2023<\/span><span class=\"wpr-sub-label\" >Einstieg in die B\u00f6rse<\/span><\/div><div class=\"wpr-main-line-icon wpr-icon\"><i aria-hidden=\"true\" class=\"fas fa-bolt\"><\/i><\/div><div class=\"wpr-story-info \"><div class=\"wpr-timeline-content-wrapper\"><p class=\"wpr-title-wrap\"><span  class=\"wpr-title\">Einf\u00fchrung gr\u00fcner Energie<\/span><\/p><div class=\"wpr-description\"><p>Pr\u00e4sentieren Sie Regionen oder L\u00e4nder, die erfolgreich auf einen erheblichen Anteil gr\u00fcner Energie umgestellt haben.<\/p><\/div><\/div><\/div><\/div><\/div>\n\t\t\t<!-- Add Pagination -->        \n\t\t\t<div class=\"wpr-swiper-pagination\"><\/div>\n\t\t\t<!-- Add Arrows -->\n\t\t\t<div class=\"wpr-button-prev wpr-timeline-prev-arrow wpr-timeline-prev-c3c9c56\">\n\t\t\t\t<svg version=\"1.1\" xmlns=\"http:\/\/www.w3.org\/2000\/svg\" xmlns:xlink=\"http:\/\/www.w3.org\/1999\/xlink\" x=\"0px\" y=\"0px\" viewBox=\"0 0 291.4 512\" style=\"enable-background:new 0 0 291.4 512;\" xml:space=\"preserve\"><g><path class=\"st0\" d=\"M281.1,451.5c13.8,13.8,13.8,36.3,0,50.1c-13.8,13.8-36.3,13.8-50.1,0L10.4,281C3.5,274.1,0,265.1,0,256c0-9.1,3.5-18.1,10.4-25L231,10.4c13.8-13.8,36.3-13.8,50.1,0c6.9,6.9,10.4,16,10.4,25s-3.5,18.1-10.4,25L85.5,256L281.1,451.5z\"\/><\/g><\/svg>\n\t\t\t<\/div>\n\t\t\t<div class=\"wpr-button-next wpr-timeline-next-arrow wpr-timeline-next-c3c9c56\">\n\t\t\t\t<svg version=\"1.1\" xmlns=\"http:\/\/www.w3.org\/2000\/svg\" xmlns:xlink=\"http:\/\/www.w3.org\/1999\/xlink\" x=\"0px\" y=\"0px\" viewBox=\"0 0 291.4 512\" style=\"enable-background:new 0 0 291.4 512;\" xml:space=\"preserve\"><g><path class=\"st0\" d=\"M281.1,451.5c13.8,13.8,13.8,36.3,0,50.1c-13.8,13.8-36.3,13.8-50.1,0L10.4,281C3.5,274.1,0,265.1,0,256c0-9.1,3.5-18.1,10.4-25L231,10.4c13.8-13.8,36.3-13.8,50.1,0c6.9,6.9,10.4,16,10.4,25s-3.5,18.1-10.4,25L85.5,256L281.1,451.5z\"\/><\/g><\/svg>\n\t\t\t<\/div>\n\t\t<\/div><\/div>\t\t<\/div>\n\t\t\t\t<\/div>\n\t\t\t\t\t<\/div>\n\t\t<\/div>\n\t\t\t\t\t<\/div>\n\t\t<\/section>\n\t\t\t\t<section class=\"elementor-section elementor-top-section elementor-element elementor-element-0b455c0 elementor-section-boxed elementor-section-height-default elementor-section-height-default wpr-particle-no wpr-jarallax-no wpr-parallax-no wpr-sticky-section-no\" data-id=\"0b455c0\" data-element_type=\"section\" data-settings=\"{&quot;_ha_eqh_enable&quot;:false}\">\n\t\t\t\t\t\t<div class=\"elementor-container elementor-column-gap-default\">\n\t\t\t\t\t<div class=\"elementor-column elementor-col-50 elementor-top-column elementor-element elementor-element-c3d7072 elementor-invisible\" data-id=\"c3d7072\" data-element_type=\"column\" data-settings=\"{&quot;animation&quot;:&quot;slideInLeft&quot;}\">\n\t\t\t<div class=\"elementor-widget-wrap elementor-element-populated\">\n\t\t\t\t\t\t<div class=\"elementor-element elementor-element-45a57b1 elementor-widget elementor-widget-heading\" data-id=\"45a57b1\" data-element_type=\"widget\" data-widget_type=\"heading.default\">\n\t\t\t\t<div class=\"elementor-widget-container\">\n\t\t\t<h2 class=\"elementor-heading-title elementor-size-default\">Die bessere Energiequelle!<\/h2>\t\t<\/div>\n\t\t\t\t<\/div>\n\t\t\t\t<div class=\"elementor-element elementor-element-b145cd5 elementor-widget elementor-widget-text-editor\" data-id=\"b145cd5\" data-element_type=\"widget\" data-widget_type=\"text-editor.default\">\n\t\t\t\t<div class=\"elementor-widget-container\">\n\t\t\t\t\t\t\t<p>Am 1. August 2020 wurde in Deutschland-Frankfurt am Main die Firma \u201eEhz-Elektrotechnik\u201c er\u00f6ffnet. Seit dieser Zeit entwickelt sich unser Betrieb st\u00e4ndig weiter. Generation. Wir \u00fcberzeugen Kunden seit mehr als 3 Jahren im gesamten Rhein-Main-Gebiet und m\u00f6chten auch Sie von uns \u00fcberzeugen.<\/p>\t\t\t\t\t\t<\/div>\n\t\t\t\t<\/div>\n\t\t\t\t<div class=\"elementor-element elementor-element-660a10d wpr-button-icon-style-inline wpr-button-icon-position-right elementor-widget elementor-widget-wpr-button\" data-id=\"660a10d\" data-element_type=\"widget\" data-widget_type=\"wpr-button.default\">\n\t\t\t\t<div class=\"elementor-widget-container\">\n\t\t\t\t\n\t\t\t\n\t\t\n\t\t<div class=\"wpr-button-wrap elementor-clearfix\">\n\t\t<a class=\"wpr-button wpr-button-effect wpr-button-none\" data-text=\"Go\" href=\"#link\">\n\t\t\t\n\t\t\t<span class=\"wpr-button-content\">\n\t\t\t\t\t\t\t\t\t<span class=\"wpr-button-text\">Entdecke mehr<\/span>\n\t\t\t\t\t\t\t\t\n\t\t\t\t\t\t\t<\/span>\n\t\t<\/a>\n\n\t\t\t\t<\/div>\n\t\n\t\n\t\t\t<\/div>\n\t\t\t\t<\/div>\n\t\t\t\t\t<\/div>\n\t\t<\/div>\n\t\t\t\t<div class=\"elementor-column elementor-col-50 elementor-top-column elementor-element elementor-element-e0672eb elementor-hidden-tablet elementor-hidden-mobile elementor-invisible\" data-id=\"e0672eb\" data-element_type=\"column\" data-settings=\"{&quot;animation&quot;:&quot;slideInRight&quot;}\">\n\t\t\t<div class=\"elementor-widget-wrap elementor-element-populated\">\n\t\t\t\t\t\t<div class=\"elementor-element elementor-element-619899b elementor-widget elementor-widget-image\" data-id=\"619899b\" data-element_type=\"widget\" data-widget_type=\"image.default\">\n\t\t\t\t<div class=\"elementor-widget-container\">\n\t\t\t\t\t\t\t\t\t\t\t\t\t<img decoding=\"async\" src=\"https:\/\/ehz-elektrotechnik.de\/wp-content\/uploads\/2023\/10\/pic-12.jpg\" title=\"\" alt=\"\" loading=\"lazy\" \/>\t\t\t\t\t\t\t\t\t\t\t\t\t<\/div>\n\t\t\t\t<\/div>\n\t\t\t\t\t<\/div>\n\t\t<\/div>\n\t\t\t\t\t<\/div>\n\t\t<\/section>\n\t\t\t\t<section class=\"elementor-section elementor-top-section elementor-element elementor-element-0a596fd elementor-section-boxed elementor-section-height-default elementor-section-height-default wpr-particle-no wpr-jarallax-no wpr-parallax-no wpr-sticky-section-no\" data-id=\"0a596fd\" data-element_type=\"section\" data-settings=\"{&quot;background_background&quot;:&quot;classic&quot;,&quot;_ha_eqh_enable&quot;:false}\">\n\t\t\t\t\t\t\t<div class=\"elementor-background-overlay\"><\/div>\n\t\t\t\t\t\t\t<div class=\"elementor-container elementor-column-gap-default\">\n\t\t\t\t\t<div class=\"elementor-column elementor-col-100 elementor-top-column elementor-element elementor-element-d36a89a elementor-invisible\" data-id=\"d36a89a\" data-element_type=\"column\" data-settings=\"{&quot;animation&quot;:&quot;fadeIn&quot;}\">\n\t\t\t<div class=\"elementor-widget-wrap elementor-element-populated\">\n\t\t\t\t\t\t<section class=\"elementor-section elementor-inner-section elementor-element elementor-element-b1d340d elementor-section-boxed elementor-section-height-default elementor-section-height-default wpr-particle-no wpr-jarallax-no wpr-parallax-no wpr-sticky-section-no\" data-id=\"b1d340d\" data-element_type=\"section\" data-settings=\"{&quot;_ha_eqh_enable&quot;:false}\">\n\t\t\t\t\t\t<div class=\"elementor-container elementor-column-gap-default\">\n\t\t\t\t\t<div class=\"elementor-column elementor-col-100 elementor-inner-column elementor-element elementor-element-d3a4496\" data-id=\"d3a4496\" data-element_type=\"column\">\n\t\t\t<div class=\"elementor-widget-wrap elementor-element-populated\">\n\t\t\t\t\t\t<div class=\"elementor-element elementor-element-8806a5d elementor-widget elementor-widget-heading\" data-id=\"8806a5d\" data-element_type=\"widget\" data-widget_type=\"heading.default\">\n\t\t\t\t<div class=\"elementor-widget-container\">\n\t\t\t<h2 class=\"elementor-heading-title elementor-size-default\">sauberere Welt<\/h2>\t\t<\/div>\n\t\t\t\t<\/div>\n\t\t\t\t<div class=\"elementor-element elementor-element-14e5e89 elementor-widget elementor-widget-heading\" data-id=\"14e5e89\" data-element_type=\"widget\" data-widget_type=\"heading.default\">\n\t\t\t\t<div class=\"elementor-widget-container\">\n\t\t\t<h2 class=\"elementor-heading-title elementor-size-default\">F\u00f6rdern Sie das Umweltbewusstsein, um einen saubereren Planeten zu gew\u00e4hrleisten<\/h2>\t\t<\/div>\n\t\t\t\t<\/div>\n\t\t\t\t<div class=\"elementor-element elementor-element-097d452 elementor-widget elementor-widget-text-editor\" data-id=\"097d452\" data-element_type=\"widget\" data-widget_type=\"text-editor.default\">\n\t\t\t\t<div class=\"elementor-widget-container\">\n\t\t\t\t\t\t\t<p>Am 1. August 2020 wurde in Deutschland-Frankfurt am Main die Firma \u201eEhz-Elektrotechnik\u201c er\u00f6ffnet. Seit dieser Zeit entwickelt sich unser Betrieb st\u00e4ndig weiter. Generation. Wir \u00fcberzeugen Kunden seit mehr als 3 Jahren im gesamten Rhein-Main-Gebiet und m\u00f6chten auch Sie von uns \u00fcberzeugen.<\/p>\t\t\t\t\t\t<\/div>\n\t\t\t\t<\/div>\n\t\t\t\t<div class=\"elementor-element elementor-element-1b8848d wpr-button-icon-style-inline wpr-button-icon-position-right elementor-widget elementor-widget-wpr-button\" data-id=\"1b8848d\" data-element_type=\"widget\" data-widget_type=\"wpr-button.default\">\n\t\t\t\t<div class=\"elementor-widget-container\">\n\t\t\t\t\n\t\t\t\n\t\t\n\t\t<div class=\"wpr-button-wrap elementor-clearfix\">\n\t\t<a class=\"wpr-button wpr-button-effect wpr-button-none\" data-text=\"Go\" href=\"https:\/\/ehz-elektrotechnik.de\/index.php\/services\/\">\n\t\t\t\n\t\t\t<span class=\"wpr-button-content\">\n\t\t\t\t\t\t\t\t\t<span class=\"wpr-button-text\">Loslegen<\/span>\n\t\t\t\t\t\t\t\t\n\t\t\t\t\t\t\t<\/span>\n\t\t<\/a>\n\n\t\t\t\t<\/div>\n\t\n\t\n\t\t\t<\/div>\n\t\t\t\t<\/div>\n\t\t\t\t\t<\/div>\n\t\t<\/div>\n\t\t\t\t\t<\/div>\n\t\t<\/section>\n\t\t\t\t\t<\/div>\n\t\t<\/div>\n\t\t\t\t\t<\/div>\n\t\t<\/section>\n\t\t\t\t<\/div>\n\t\t","protected":false},"excerpt":{"rendered":"<p>\u00dcber Nachhaltige Welt mit erneuerbarer Energie WER WIR SIND Sch\u00fctzen Sie die Reinheit unserer Umwelt, um eine gr\u00fcne Welt zu f\u00f6rdern Am 1. August 2020 wurde in Deutschland-Frankfurt am Main die Firma \u201eEhz-Elektrotechnik\u201c er\u00f6ffnet. Seit dieser Zeit entwickelt sich unser Betrieb st\u00e4ndig weiter. Generation. Wir \u00fcberzeugen Kunden seit mehr als 3 Jahren im gesamten Rhein-Main-Gebiet [&hellip;]<\/p>\n","protected":false},"author":1,"featured_media":0,"parent":0,"menu_order":0,"comment_status":"closed","ping_status":"closed","template":"elementor_canvas","meta":{"_eb_attr":"","footnotes":""},"_links":{"self":[{"href":"https:\/\/ehz-elektrotechnik.de\/index.php\/wp-json\/wp\/v2\/pages\/9"}],"collection":[{"href":"https:\/\/ehz-elektrotechnik.de\/index.php\/wp-json\/wp\/v2\/pages"}],"about":[{"href":"https:\/\/ehz-elektrotechnik.de\/index.php\/wp-json\/wp\/v2\/types\/page"}],"author":[{"embeddable":true,"href":"https:\/\/ehz-elektrotechnik.de\/index.php\/wp-json\/wp\/v2\/users\/1"}],"replies":[{"embeddable":true,"href":"https:\/\/ehz-elektrotechnik.de\/index.php\/wp-json\/wp\/v2\/comments?post=9"}],"version-history":[{"count":26,"href":"https:\/\/ehz-elektrotechnik.de\/index.php\/wp-json\/wp\/v2\/pages\/9\/revisions"}],"predecessor-version":[{"id":4409,"href":"https:\/\/ehz-elektrotechnik.de\/index.php\/wp-json\/wp\/v2\/pages\/9\/revisions\/4409"}],"wp:attachment":[{"href":"https:\/\/ehz-elektrotechnik.de\/index.php\/wp-json\/wp\/v2\/media?parent=9"}],"curies":[{"name":"wp","href":"https:\/\/api.w.org\/{rel}","templated":true}]}}