{"id":3905,"date":"2024-02-11T17:48:57","date_gmt":"2024-02-11T17:48:57","guid":{"rendered":"https:\/\/ehz-elektrotechnik.de\/?page_id=3905"},"modified":"2024-05-23T18:13:28","modified_gmt":"2024-05-23T18:13:28","slug":"kundendienst-reperaturen","status":"publish","type":"page","link":"https:\/\/ehz-elektrotechnik.de\/index.php\/kundendienst-reperaturen\/","title":{"rendered":"Kundendienst &amp; Reperaturen"},"content":{"rendered":"\t\t<div data-elementor-type=\"wp-page\" data-elementor-id=\"3905\" class=\"elementor elementor-3905\" data-elementor-post-type=\"page\">\n\t\t\t\t\t\t<section class=\"elementor-section elementor-top-section elementor-element elementor-element-9e8d841 elementor-section-height-min-height elementor-section-boxed elementor-section-height-default elementor-section-items-middle wpr-particle-no wpr-jarallax-no wpr-parallax-no wpr-sticky-section-no\" data-id=\"9e8d841\" data-element_type=\"section\" data-settings=\"{&quot;background_background&quot;:&quot;classic&quot;,&quot;_ha_eqh_enable&quot;:false}\">\n\t\t\t\t\t\t\t<div class=\"elementor-background-overlay\"><\/div>\n\t\t\t\t\t\t\t<div class=\"elementor-container elementor-column-gap-default\">\n\t\t\t\t\t<div class=\"elementor-column elementor-col-100 elementor-top-column elementor-element elementor-element-9c4a475\" data-id=\"9c4a475\" data-element_type=\"column\">\n\t\t\t<div class=\"elementor-widget-wrap elementor-element-populated\">\n\t\t\t\t\t\t<div class=\"elementor-element elementor-element-0a0efed elementor-widget elementor-widget-heading\" data-id=\"0a0efed\" data-element_type=\"widget\" data-widget_type=\"heading.default\">\n\t\t\t\t<div class=\"elementor-widget-container\">\n\t\t\t<style>\/*! elementor - v3.21.0 - 20-05-2024 *\/\n.elementor-heading-title{padding:0;margin:0;line-height:1}.elementor-widget-heading .elementor-heading-title[class*=elementor-size-]>a{color:inherit;font-size:inherit;line-height:inherit}.elementor-widget-heading .elementor-heading-title.elementor-size-small{font-size:15px}.elementor-widget-heading .elementor-heading-title.elementor-size-medium{font-size:19px}.elementor-widget-heading .elementor-heading-title.elementor-size-large{font-size:29px}.elementor-widget-heading .elementor-heading-title.elementor-size-xl{font-size:39px}.elementor-widget-heading .elementor-heading-title.elementor-size-xxl{font-size:59px}<\/style><h2 class=\"elementor-heading-title elementor-size-default\">Kundendienst & Reperaturen<\/h2>\t\t<\/div>\n\t\t\t\t<\/div>\n\t\t\t\t<div class=\"elementor-element elementor-element-2ec6652 elementor-invisible elementor-widget elementor-widget-text-editor\" data-id=\"2ec6652\" data-element_type=\"widget\" data-settings=\"{&quot;_animation&quot;:&quot;fadeInLeft&quot;}\" data-widget_type=\"text-editor.default\">\n\t\t\t\t<div class=\"elementor-widget-container\">\n\t\t\t<style>\/*! elementor - v3.21.0 - 20-05-2024 *\/\n.elementor-widget-text-editor.elementor-drop-cap-view-stacked .elementor-drop-cap{background-color:#69727d;color:#fff}.elementor-widget-text-editor.elementor-drop-cap-view-framed .elementor-drop-cap{color:#69727d;border:3px solid;background-color:transparent}.elementor-widget-text-editor:not(.elementor-drop-cap-view-default) .elementor-drop-cap{margin-top:8px}.elementor-widget-text-editor:not(.elementor-drop-cap-view-default) .elementor-drop-cap-letter{width:1em;height:1em}.elementor-widget-text-editor .elementor-drop-cap{float:left;text-align:center;line-height:1;font-size:50px}.elementor-widget-text-editor .elementor-drop-cap-letter{display:inline-block}<\/style>\t\t\t\t<div class=\"fusion-layout-column fusion_builder_column fusion-builder-column-5 fusion_builder_column_1_2 1_2 fusion-flex-column fusion-animated\" data-animationtype=\"fadeInLeft\" data-animationduration=\"1.0\" data-animationoffset=\"top-into-view\"><div class=\"fusion-column-wrapper fusion-column-has-shadow fusion-flex-justify-content-flex-start fusion-content-layout-column\"><div class=\"fusion-text fusion-text-1\"><div class=\"fusion-layout-column fusion_builder_column fusion-builder-column-5 fusion_builder_column_1_2 1_2 fusion-flex-column fusion-animated\" data-animationtype=\"fadeInLeft\" data-animationduration=\"1.0\" data-animationoffset=\"top-into-view\"><div class=\"fusion-column-wrapper fusion-column-has-shadow fusion-flex-justify-content-flex-start fusion-content-layout-column\"><div class=\"fusion-text fusion-text-1\"><div class=\"fusion-layout-column fusion_builder_column fusion-builder-column-5 fusion_builder_column_1_2 1_2 fusion-flex-column fusion-animated\" data-animationtype=\"fadeInLeft\" data-animationduration=\"1.0\" data-animationoffset=\"top-into-view\"><div class=\"fusion-column-wrapper fusion-column-has-shadow fusion-flex-justify-content-flex-start fusion-content-layout-column\"><div class=\"fusion-text fusion-text-1\"><p class=\"fusion-title-heading title-heading-center fusion-responsive-typography-calculated\">MEISTERBETRIEB F\u00dcR ELEKTRISCHE REPARATUREN<\/p><\/div><\/div><\/div><\/div><\/div><\/div><\/div><\/div><\/div>\t\t\t\t\t\t<\/div>\n\t\t\t\t<\/div>\n\t\t\t\t\t<\/div>\n\t\t<\/div>\n\t\t\t\t\t<\/div>\n\t\t<\/section>\n\t\t\t\t<section class=\"elementor-section elementor-top-section elementor-element elementor-element-4d3a1f2 elementor-section-boxed elementor-section-height-default elementor-section-height-default wpr-particle-no wpr-jarallax-no wpr-parallax-no wpr-sticky-section-no\" data-id=\"4d3a1f2\" data-element_type=\"section\" data-settings=\"{&quot;_ha_eqh_enable&quot;:false}\">\n\t\t\t\t\t\t<div class=\"elementor-container elementor-column-gap-wide\">\n\t\t\t\t\t<div class=\"elementor-column elementor-col-50 elementor-top-column elementor-element elementor-element-b2b02c1\" data-id=\"b2b02c1\" data-element_type=\"column\">\n\t\t\t<div class=\"elementor-widget-wrap elementor-element-populated\">\n\t\t\t\t\t\t<div class=\"elementor-element elementor-element-ce9524a elementor-invisible elementor-widget elementor-widget-text-editor\" data-id=\"ce9524a\" data-element_type=\"widget\" data-settings=\"{&quot;_animation&quot;:&quot;fadeInLeft&quot;}\" data-widget_type=\"text-editor.default\">\n\t\t\t\t<div class=\"elementor-widget-container\">\n\t\t\t\t\t\t\t<div class=\"fusion-layout-column fusion_builder_column fusion-builder-column-5 fusion_builder_column_1_2 1_2 fusion-flex-column fusion-animated\" data-animationtype=\"fadeInLeft\" data-animationduration=\"1.0\" data-animationoffset=\"top-into-view\"><div class=\"fusion-column-wrapper fusion-column-has-shadow fusion-flex-justify-content-flex-start fusion-content-layout-column\"><div class=\"fusion-text fusion-text-1\"><div class=\"fusion-layout-column fusion_builder_column fusion-builder-column-5 fusion_builder_column_1_2 1_2 fusion-flex-column fusion-animated\" data-animationtype=\"fadeInLeft\" data-animationduration=\"1.0\" data-animationoffset=\"top-into-view\"><div class=\"fusion-column-wrapper fusion-column-has-shadow fusion-flex-justify-content-flex-start fusion-content-layout-column\"><div class=\"fusion-text fusion-text-1\"><div class=\"fusion-layout-column fusion_builder_column fusion-builder-column-5 fusion_builder_column_1_2 1_2 fusion-flex-column fusion-animated\" data-animationtype=\"fadeInLeft\" data-animationduration=\"1.0\" data-animationoffset=\"top-into-view\"><div class=\"fusion-column-wrapper fusion-column-has-shadow fusion-flex-justify-content-flex-start fusion-content-layout-column\"><div class=\"fusion-text fusion-text-1\"><p>Die <strong>fachkundigen Elektriker<\/strong> von Ehz-elektrotechnik sind ein Meisterbetrieb, um die Bewohner in den St\u00e4dten und Umgebungen von <strong>Mainz<\/strong>, <strong>Wiesbaden<\/strong>, <strong>R\u00fcsselsheim<\/strong>, <strong>Darmstadt<\/strong> und <strong>Frankfurt<\/strong> zu bedienen. Seit <strong>\u00fcber 4 Jahren<\/strong>bieten wir sichere und erschwingliche elektrische Reparaturen an. Wenn die elektrische Anlage Ihres Hauses eine schnelle Reparatur ben\u00f6tigt, wenden Sie sich an unsere geschulten Elektriker, die Ihnen sofort helfen.<\/p><p>Lokale Kunden vertrauen darauf, dass wir effiziente Reparaturen durchf\u00fchren. Unsere nach DIN zertifizierten Elektriker k\u00f6nnen praktisch jedes elektrische Problem in Ihrem Haus beheben. Wenn Sie unsere Elektriker beauftragen, k\u00f6nnen Sie davon ausgehen, dass wir Sie wie eine Familie behandeln. Ehrlichkeit und Integrit\u00e4t sind nur einige unserer Grundwerte. Unser Unternehmen tut alles, um unsere Gemeinde zu unterst\u00fctzen.<\/p><p>Elektrizit\u00e4t ist ein so allt\u00e4glicher Bestandteil des modernen Lebens, dass sich viele Menschen ihrer Gefahren nicht bewusst sind. Jedes Jahr verursachen elektrische Fehlfunktionen Verletzungen und Hausbr\u00e4nde. Mit lizenzierten Dienstleistungen f\u00fcr elektrische Reparaturen in in den St\u00e4dten und Umgebungen von <strong>Mainz<\/strong>, <strong>Wiesbaden<\/strong>, <strong>R\u00fcsselsheim<\/strong>, <strong>Darmstadt<\/strong> und <strong>Frankfurt<\/strong> k\u00f6nnen viele dieser Fehlfunktionen behoben werden.<\/p><\/div><\/div><\/div><\/div><\/div><\/div><\/div><\/div><\/div>\t\t\t\t\t\t<\/div>\n\t\t\t\t<\/div>\n\t\t\t\t<section class=\"elementor-section elementor-inner-section elementor-element elementor-element-58aa58f elementor-section-boxed elementor-section-height-default elementor-section-height-default wpr-particle-no wpr-jarallax-no wpr-parallax-no wpr-sticky-section-no\" data-id=\"58aa58f\" data-element_type=\"section\" data-settings=\"{&quot;_ha_eqh_enable&quot;:false}\">\n\t\t\t\t\t\t<div class=\"elementor-container elementor-column-gap-default\">\n\t\t\t\t\t\t<\/div>\n\t\t<\/section>\n\t\t\t\t\t<\/div>\n\t\t<\/div>\n\t\t\t\t<div class=\"elementor-column elementor-col-50 elementor-top-column elementor-element elementor-element-c589626 elementor-hidden-tablet elementor-hidden-mobile\" data-id=\"c589626\" data-element_type=\"column\">\n\t\t\t<div class=\"elementor-widget-wrap elementor-element-populated\">\n\t\t\t\t\t\t<section class=\"elementor-section elementor-inner-section elementor-element elementor-element-77d73cb elementor-section-boxed elementor-section-height-default elementor-section-height-default wpr-particle-no wpr-jarallax-no wpr-parallax-no wpr-sticky-section-no\" data-id=\"77d73cb\" data-element_type=\"section\" data-settings=\"{&quot;_ha_eqh_enable&quot;:false}\">\n\t\t\t\t\t\t<div class=\"elementor-container elementor-column-gap-default\">\n\t\t\t\t\t<div class=\"elementor-column elementor-col-50 elementor-inner-column elementor-element elementor-element-dda5938\" data-id=\"dda5938\" data-element_type=\"column\">\n\t\t\t<div class=\"elementor-widget-wrap\">\n\t\t\t\t\t\t\t<\/div>\n\t\t<\/div>\n\t\t\t\t<div class=\"elementor-column elementor-col-50 elementor-inner-column elementor-element elementor-element-ea60a79\" data-id=\"ea60a79\" data-element_type=\"column\">\n\t\t\t<div class=\"elementor-widget-wrap\">\n\t\t\t\t\t\t\t<\/div>\n\t\t<\/div>\n\t\t\t\t\t<\/div>\n\t\t<\/section>\n\t\t\t\t<div class=\"elementor-element elementor-element-2942d48 elementor-invisible elementor-widget elementor-widget-image\" data-id=\"2942d48\" data-element_type=\"widget\" data-settings=\"{&quot;_animation&quot;:&quot;fadeInRight&quot;}\" data-widget_type=\"image.default\">\n\t\t\t\t<div class=\"elementor-widget-container\">\n\t\t\t<style>\/*! elementor - v3.21.0 - 20-05-2024 *\/\n.elementor-widget-image{text-align:center}.elementor-widget-image a{display:inline-block}.elementor-widget-image a img[src$=\".svg\"]{width:48px}.elementor-widget-image img{vertical-align:middle;display:inline-block}<\/style>\t\t\t\t\t\t\t\t\t\t<img fetchpriority=\"high\" decoding=\"async\" width=\"960\" height=\"641\" src=\"https:\/\/ehz-elektrotechnik.de\/wp-content\/uploads\/2024\/02\/\u062a\u0635\u0645\u064a\u0645-\u0628\u062f\u0648\u0646-\u0639\u0646\u0648\u0627\u0646-11-e1708883211285-1024x684.png\" class=\"attachment-large size-large wp-image-4238\" alt=\"\" srcset=\"https:\/\/ehz-elektrotechnik.de\/wp-content\/uploads\/2024\/02\/\u062a\u0635\u0645\u064a\u0645-\u0628\u062f\u0648\u0646-\u0639\u0646\u0648\u0627\u0646-11-e1708883211285-1024x684.png 1024w, https:\/\/ehz-elektrotechnik.de\/wp-content\/uploads\/2024\/02\/\u062a\u0635\u0645\u064a\u0645-\u0628\u062f\u0648\u0646-\u0639\u0646\u0648\u0627\u0646-11-e1708883211285-300x200.png 300w, https:\/\/ehz-elektrotechnik.de\/wp-content\/uploads\/2024\/02\/\u062a\u0635\u0645\u064a\u0645-\u0628\u062f\u0648\u0646-\u0639\u0646\u0648\u0627\u0646-11-e1708883211285-768x513.png 768w, https:\/\/ehz-elektrotechnik.de\/wp-content\/uploads\/2024\/02\/\u062a\u0635\u0645\u064a\u0645-\u0628\u062f\u0648\u0646-\u0639\u0646\u0648\u0627\u0646-11-e1708883211285-1536x1026.png 1536w, https:\/\/ehz-elektrotechnik.de\/wp-content\/uploads\/2024\/02\/\u062a\u0635\u0645\u064a\u0645-\u0628\u062f\u0648\u0646-\u0639\u0646\u0648\u0627\u0646-11-e1708883211285-2048x1369.png 2048w\" sizes=\"(max-width: 960px) 100vw, 960px\" \/>\t\t\t\t\t\t\t\t\t\t\t\t\t<\/div>\n\t\t\t\t<\/div>\n\t\t\t\t\t<\/div>\n\t\t<\/div>\n\t\t\t\t\t<\/div>\n\t\t<\/section>\n\t\t\t\t<section class=\"elementor-section elementor-top-section elementor-element elementor-element-cc9c89e elementor-section-boxed elementor-section-height-default elementor-section-height-default wpr-particle-no wpr-jarallax-no wpr-parallax-no wpr-sticky-section-no\" data-id=\"cc9c89e\" data-element_type=\"section\" data-settings=\"{&quot;_ha_eqh_enable&quot;:false}\">\n\t\t\t\t\t\t<div class=\"elementor-container elementor-column-gap-wide\">\n\t\t\t\t\t<div class=\"elementor-column elementor-col-50 elementor-top-column elementor-element elementor-element-d449615 elementor-hidden-tablet elementor-hidden-mobile\" data-id=\"d449615\" data-element_type=\"column\">\n\t\t\t<div class=\"elementor-widget-wrap elementor-element-populated\">\n\t\t\t\t\t\t<div class=\"elementor-element elementor-element-08a7eee elementor-invisible elementor-widget elementor-widget-image\" data-id=\"08a7eee\" data-element_type=\"widget\" data-settings=\"{&quot;_animation&quot;:&quot;fadeInRight&quot;}\" data-widget_type=\"image.default\">\n\t\t\t\t<div class=\"elementor-widget-container\">\n\t\t\t\t\t\t\t\t\t\t\t\t\t<img decoding=\"async\" width=\"900\" height=\"1024\" src=\"https:\/\/ehz-elektrotechnik.de\/wp-content\/uploads\/2024\/02\/\u062a\u0635\u0645\u064a\u0645-\u0628\u062f\u0648\u0646-\u0639\u0646\u0648\u0627\u0646-12-e1708883357562-900x1024.png\" class=\"attachment-large size-large wp-image-4239\" alt=\"\" srcset=\"https:\/\/ehz-elektrotechnik.de\/wp-content\/uploads\/2024\/02\/\u062a\u0635\u0645\u064a\u0645-\u0628\u062f\u0648\u0646-\u0639\u0646\u0648\u0627\u0646-12-e1708883357562-900x1024.png 900w, https:\/\/ehz-elektrotechnik.de\/wp-content\/uploads\/2024\/02\/\u062a\u0635\u0645\u064a\u0645-\u0628\u062f\u0648\u0646-\u0639\u0646\u0648\u0627\u0646-12-e1708883357562-264x300.png 264w, https:\/\/ehz-elektrotechnik.de\/wp-content\/uploads\/2024\/02\/\u062a\u0635\u0645\u064a\u0645-\u0628\u062f\u0648\u0646-\u0639\u0646\u0648\u0627\u0646-12-e1708883357562-768x874.png 768w, https:\/\/ehz-elektrotechnik.de\/wp-content\/uploads\/2024\/02\/\u062a\u0635\u0645\u064a\u0645-\u0628\u062f\u0648\u0646-\u0639\u0646\u0648\u0627\u0646-12-e1708883357562-1350x1536.png 1350w, https:\/\/ehz-elektrotechnik.de\/wp-content\/uploads\/2024\/02\/\u062a\u0635\u0645\u064a\u0645-\u0628\u062f\u0648\u0646-\u0639\u0646\u0648\u0627\u0646-12-e1708883357562-1799x2048.png 1799w\" sizes=\"(max-width: 900px) 100vw, 900px\" \/>\t\t\t\t\t\t\t\t\t\t\t\t\t<\/div>\n\t\t\t\t<\/div>\n\t\t\t\t\t<\/div>\n\t\t<\/div>\n\t\t\t\t<div class=\"elementor-column elementor-col-50 elementor-top-column elementor-element elementor-element-b204413\" data-id=\"b204413\" data-element_type=\"column\">\n\t\t\t<div class=\"elementor-widget-wrap elementor-element-populated\">\n\t\t\t\t\t\t<section class=\"elementor-section elementor-inner-section elementor-element elementor-element-0320cf1 elementor-section-boxed elementor-section-height-default elementor-section-height-default wpr-particle-no wpr-jarallax-no wpr-parallax-no wpr-sticky-section-no\" data-id=\"0320cf1\" data-element_type=\"section\" data-settings=\"{&quot;_ha_eqh_enable&quot;:false}\">\n\t\t\t\t\t\t<div class=\"elementor-container elementor-column-gap-default\">\n\t\t\t\t\t<div class=\"elementor-column elementor-col-50 elementor-inner-column elementor-element elementor-element-adc0ada\" data-id=\"adc0ada\" data-element_type=\"column\">\n\t\t\t<div class=\"elementor-widget-wrap elementor-element-populated\">\n\t\t\t\t\t\t<div class=\"elementor-element elementor-element-14102e7 elementor-widget-divider--view-line elementor-widget elementor-widget-divider\" data-id=\"14102e7\" data-element_type=\"widget\" data-widget_type=\"divider.default\">\n\t\t\t\t<div class=\"elementor-widget-container\">\n\t\t\t<style>\/*! elementor - v3.21.0 - 20-05-2024 *\/\n.elementor-widget-divider{--divider-border-style:none;--divider-border-width:1px;--divider-color:#0c0d0e;--divider-icon-size:20px;--divider-element-spacing:10px;--divider-pattern-height:24px;--divider-pattern-size:20px;--divider-pattern-url:none;--divider-pattern-repeat:repeat-x}.elementor-widget-divider .elementor-divider{display:flex}.elementor-widget-divider .elementor-divider__text{font-size:15px;line-height:1;max-width:95%}.elementor-widget-divider .elementor-divider__element{margin:0 var(--divider-element-spacing);flex-shrink:0}.elementor-widget-divider .elementor-icon{font-size:var(--divider-icon-size)}.elementor-widget-divider .elementor-divider-separator{display:flex;margin:0;direction:ltr}.elementor-widget-divider--view-line_icon .elementor-divider-separator,.elementor-widget-divider--view-line_text .elementor-divider-separator{align-items:center}.elementor-widget-divider--view-line_icon .elementor-divider-separator:after,.elementor-widget-divider--view-line_icon .elementor-divider-separator:before,.elementor-widget-divider--view-line_text .elementor-divider-separator:after,.elementor-widget-divider--view-line_text .elementor-divider-separator:before{display:block;content:\"\";border-block-end:0;flex-grow:1;border-block-start:var(--divider-border-width) var(--divider-border-style) var(--divider-color)}.elementor-widget-divider--element-align-left .elementor-divider .elementor-divider-separator>.elementor-divider__svg:first-of-type{flex-grow:0;flex-shrink:100}.elementor-widget-divider--element-align-left .elementor-divider-separator:before{content:none}.elementor-widget-divider--element-align-left .elementor-divider__element{margin-left:0}.elementor-widget-divider--element-align-right .elementor-divider .elementor-divider-separator>.elementor-divider__svg:last-of-type{flex-grow:0;flex-shrink:100}.elementor-widget-divider--element-align-right .elementor-divider-separator:after{content:none}.elementor-widget-divider--element-align-right .elementor-divider__element{margin-right:0}.elementor-widget-divider--element-align-start .elementor-divider .elementor-divider-separator>.elementor-divider__svg:first-of-type{flex-grow:0;flex-shrink:100}.elementor-widget-divider--element-align-start .elementor-divider-separator:before{content:none}.elementor-widget-divider--element-align-start .elementor-divider__element{margin-inline-start:0}.elementor-widget-divider--element-align-end .elementor-divider .elementor-divider-separator>.elementor-divider__svg:last-of-type{flex-grow:0;flex-shrink:100}.elementor-widget-divider--element-align-end .elementor-divider-separator:after{content:none}.elementor-widget-divider--element-align-end .elementor-divider__element{margin-inline-end:0}.elementor-widget-divider:not(.elementor-widget-divider--view-line_text):not(.elementor-widget-divider--view-line_icon) .elementor-divider-separator{border-block-start:var(--divider-border-width) var(--divider-border-style) var(--divider-color)}.elementor-widget-divider--separator-type-pattern{--divider-border-style:none}.elementor-widget-divider--separator-type-pattern.elementor-widget-divider--view-line .elementor-divider-separator,.elementor-widget-divider--separator-type-pattern:not(.elementor-widget-divider--view-line) .elementor-divider-separator:after,.elementor-widget-divider--separator-type-pattern:not(.elementor-widget-divider--view-line) .elementor-divider-separator:before,.elementor-widget-divider--separator-type-pattern:not([class*=elementor-widget-divider--view]) .elementor-divider-separator{width:100%;min-height:var(--divider-pattern-height);-webkit-mask-size:var(--divider-pattern-size) 100%;mask-size:var(--divider-pattern-size) 100%;-webkit-mask-repeat:var(--divider-pattern-repeat);mask-repeat:var(--divider-pattern-repeat);background-color:var(--divider-color);-webkit-mask-image:var(--divider-pattern-url);mask-image:var(--divider-pattern-url)}.elementor-widget-divider--no-spacing{--divider-pattern-size:auto}.elementor-widget-divider--bg-round{--divider-pattern-repeat:round}.rtl .elementor-widget-divider .elementor-divider__text{direction:rtl}.e-con-inner>.elementor-widget-divider,.e-con>.elementor-widget-divider{width:var(--container-widget-width,100%);--flex-grow:var(--container-widget-flex-grow)}<\/style>\t\t<div class=\"elementor-divider\">\n\t\t\t<span class=\"elementor-divider-separator\">\n\t\t\t\t\t\t<\/span>\n\t\t<\/div>\n\t\t\t\t<\/div>\n\t\t\t\t<\/div>\n\t\t\t\t\t<\/div>\n\t\t<\/div>\n\t\t\t\t<div class=\"elementor-column elementor-col-50 elementor-inner-column elementor-element elementor-element-c971865\" data-id=\"c971865\" data-element_type=\"column\">\n\t\t\t<div class=\"elementor-widget-wrap\">\n\t\t\t\t\t\t\t<\/div>\n\t\t<\/div>\n\t\t\t\t\t<\/div>\n\t\t<\/section>\n\t\t\t\t<div class=\"elementor-element elementor-element-b267ebc elementor-invisible elementor-widget elementor-widget-text-editor\" data-id=\"b267ebc\" data-element_type=\"widget\" data-settings=\"{&quot;_animation&quot;:&quot;fadeInLeft&quot;}\" data-widget_type=\"text-editor.default\">\n\t\t\t\t<div class=\"elementor-widget-container\">\n\t\t\t\t\t\t\t<div class=\"fusion-layout-column fusion_builder_column fusion-builder-column-5 fusion_builder_column_1_2 1_2 fusion-flex-column fusion-animated\" data-animationtype=\"fadeInLeft\" data-animationduration=\"1.0\" data-animationoffset=\"top-into-view\"><div class=\"fusion-column-wrapper fusion-column-has-shadow fusion-flex-justify-content-flex-start fusion-content-layout-column\"><div class=\"fusion-text fusion-text-1\"><div class=\"fusion-layout-column fusion_builder_column fusion-builder-column-5 fusion_builder_column_1_2 1_2 fusion-flex-column fusion-animated\" data-animationtype=\"fadeInLeft\" data-animationduration=\"1.0\" data-animationoffset=\"top-into-view\"><div class=\"fusion-column-wrapper fusion-column-has-shadow fusion-flex-justify-content-flex-start fusion-content-layout-column\"><div class=\"fusion-text fusion-text-1\"><div class=\"fusion-layout-column fusion_builder_column fusion-builder-column-5 fusion_builder_column_1_2 1_2 fusion-flex-column fusion-animated\" data-animationtype=\"fadeInLeft\" data-animationduration=\"1.0\" data-animationoffset=\"top-into-view\"><div class=\"fusion-column-wrapper fusion-column-has-shadow fusion-flex-justify-content-flex-start fusion-content-layout-column\"><div class=\"fusion-text fusion-text-1\"><div class=\"fusion-layout-column fusion_builder_column fusion-builder-column-8 fusion_builder_column_1_2 1_2 fusion-flex-column fusion-flex-align-self-center fusion-animated\" data-animationtype=\"fadeInRight\" data-animationduration=\"1.7\" data-animationoffset=\"top-into-view\"><div class=\"fusion-column-wrapper fusion-column-has-shadow fusion-flex-justify-content-center fusion-content-layout-column\"><div class=\"fusion-text fusion-text-2\"><p>Die Reparatur von Problemen mit der Hauselektrik sollte kein Heimwerkerprojekt sein, es sei denn, Sie sind ein Elektriker. Das elektrische System Ihres Hauses besteht aus verschiedenen Arten von Dr\u00e4hten und Komponenten. Die Arbeit mit diesen Teilen kann gef\u00e4hrlich sein, wenn Sie nicht wissen, was Sie tun.<\/p><p>Es ist wichtig, dass Sie die Anzeichen f\u00fcr eine unsichere elektrische Anlage erkennen. Zum Beispiel k\u00f6nnten Lichtschalter und Steckdosen verf\u00e4rbt sein. Aus den Lichtschaltern, dem Sicherungskasten oder den Steckdosen Ihres Hauses k\u00f6nnen auch seltsame Ger\u00fcche kommen.<\/p><p>Es ist eine gute Idee, Ihre Steckdosen, Sicherungen und Kabel regelm\u00e4\u00dfig einer Sichtpr\u00fcfung zu unterziehen. Wenn Sie etwas Ungew\u00f6hnliches bemerken, beauftragen Sie einen unserer Elektriker mit der Inspektion.<\/p><p>Elektro H\u00fcbner bietet <strong>Kundendienst<\/strong> und <strong>Reparaturen f\u00fcr Elektroinstallationen<\/strong> in den St\u00e4dten und Umgebungen von <strong>Lisztstr.11 35418 Buseck<\/strong><\/p><\/div><\/div><\/div><\/div><\/div><\/div><\/div><\/div><\/div><\/div><\/div><\/div>\t\t\t\t\t\t<\/div>\n\t\t\t\t<\/div>\n\t\t\t\t\t<\/div>\n\t\t<\/div>\n\t\t\t\t\t<\/div>\n\t\t<\/section>\n\t\t\t\t<\/div>\n\t\t","protected":false},"excerpt":{"rendered":"<p>Contact Us We pride ourselves on our collaborative operating model that brings clients into the process. About Company Journal Approach Careers Products Platform New IT App Prototype API Resources Services IT Resources Pricing Payments Support Contact Us Sign Up Help Desk 2021 All Rights Reserved. Terms and conditions.<\/p>\n","protected":false},"author":1,"featured_media":0,"parent":0,"menu_order":0,"comment_status":"closed","ping_status":"closed","template":"elementor_canvas","meta":{"_eb_attr":"","footnotes":""},"_links":{"self":[{"href":"https:\/\/ehz-elektrotechnik.de\/index.php\/wp-json\/wp\/v2\/pages\/3905"}],"collection":[{"href":"https:\/\/ehz-elektrotechnik.de\/index.php\/wp-json\/wp\/v2\/pages"}],"about":[{"href":"https:\/\/ehz-elektrotechnik.de\/index.php\/wp-json\/wp\/v2\/types\/page"}],"author":[{"embeddable":true,"href":"https:\/\/ehz-elektrotechnik.de\/index.php\/wp-json\/wp\/v2\/users\/1"}],"replies":[{"embeddable":true,"href":"https:\/\/ehz-elektrotechnik.de\/index.php\/wp-json\/wp\/v2\/comments?post=3905"}],"version-history":[{"count":21,"href":"https:\/\/ehz-elektrotechnik.de\/index.php\/wp-json\/wp\/v2\/pages\/3905\/revisions"}],"predecessor-version":[{"id":4614,"href":"https:\/\/ehz-elektrotechnik.de\/index.php\/wp-json\/wp\/v2\/pages\/3905\/revisions\/4614"}],"wp:attachment":[{"href":"https:\/\/ehz-elektrotechnik.de\/index.php\/wp-json\/wp\/v2\/media?parent=3905"}],"curies":[{"name":"wp","href":"https:\/\/api.w.org\/{rel}","templated":true}]}}